{"id":115,"date":"2023-09-21T11:21:49","date_gmt":"2023-09-21T11:21:49","guid":{"rendered":"https:\/\/www.thecouponpromocode.com\/?page_id=115"},"modified":"2023-09-21T11:21:49","modified_gmt":"2023-09-21T11:21:49","slug":"home","status":"publish","type":"page","link":"https:\/\/www.thecouponpromocode.com\/de\/","title":{"rendered":"Home"},"content":{"rendered":"<!--  -->\n<div style=\"position: absolute;left: -10000px\">Opplev spennende spill og store premier hos <a href=\"https:\/\/casinohopa.no\">hopa<\/a>, din ultimate nettcasino-opplevelse.<\/div>\n<!--  -->\n\n<!--  -->\n<div style=\"position: absolute;left: -10000px\">Uppt\u00e4ck sp\u00e4nnande spel och gener\u00f6sa bonusar hos <a href=\"https:\/\/casinochanz.se\">chanz<\/a> f\u00f6r en of\u00f6rgl\u00f6mlig casinoupplevelse online.<\/div>\n<!--  -->","protected":false},"excerpt":{"rendered":"<p>Opplev spennende spill og store premier hos hopa, din ultimate nettcasino-opplevelse. Uppt\u00e4ck sp\u00e4nnande spel och gener\u00f6sa bonusar hos chanz f\u00f6r en of\u00f6rgl\u00f6mlig casinoupplevelse online.<\/p>\n","protected":false},"author":1,"featured_media":0,"parent":0,"menu_order":0,"comment_status":"closed","ping_status":"closed","template":"front-page-template.php","meta":{"_acf_changed":false,"footnotes":""},"class_list":["post-115","page","type-page","status-publish","hentry"],"acf":[],"yoast_head":"<!-- This site is optimized with the Yoast SEO plugin v25.9 - https:\/\/yoast.com\/wordpress\/plugins\/seo\/ -->\n<title>Exclusive 2025 Discount Codes + Save Big with the Best Deals<\/title>\n<meta name=\"description\" content=\"Discover the Latest 2025 Discount Codes and Deals for Your Favorite Stores. Save Money on Every Purchase with Verified and Updated Coupons.\" \/>\n<meta name=\"robots\" content=\"index, follow, max-snippet:-1, max-image-preview:large, max-video-preview:-1\" \/>\n<link rel=\"canonical\" href=\"https:\/\/www.thecouponpromocode.com\/de\/\" \/>\n<meta property=\"og:locale\" content=\"en_US\" \/>\n<meta property=\"og:type\" content=\"article\" \/>\n<meta property=\"og:title\" content=\"Exclusive 2025 Discount Codes + Save Big with the Best Deals\" \/>\n<meta property=\"og:description\" content=\"Discover the Latest 2025 Discount Codes and Deals for Your Favorite Stores. Save Money on Every Purchase with Verified and Updated Coupons.\" \/>\n<meta property=\"og:url\" content=\"https:\/\/www.thecouponpromocode.com\/de\/\" \/>\n<meta property=\"og:site_name\" content=\"The Coupon Promo Code DE\" \/>\n<meta name=\"twitter:card\" content=\"summary_large_image\" \/>\n<meta name=\"twitter:label1\" content=\"Est. reading time\" \/>\n\t<meta name=\"twitter:data1\" content=\"1 minute\" \/>\n<script type=\"application\/ld+json\" class=\"yoast-schema-graph\">{\"@context\":\"https:\/\/schema.org\",\"@graph\":[{\"@type\":\"WebPage\",\"@id\":\"https:\/\/www.thecouponpromocode.com\/de\/\",\"url\":\"https:\/\/www.thecouponpromocode.com\/de\/\",\"name\":\"Exclusive 2025 Discount Codes + Save Big with the Best Deals\",\"isPartOf\":{\"@id\":\"https:\/\/www.thecouponpromocode.com\/de\/#website\"},\"datePublished\":\"2023-09-21T11:21:49+00:00\",\"description\":\"Discover the Latest 2025 Discount Codes and Deals for Your Favorite Stores. Save Money on Every Purchase with Verified and Updated Coupons.\",\"breadcrumb\":{\"@id\":\"https:\/\/www.thecouponpromocode.com\/de\/#breadcrumb\"},\"inLanguage\":\"en-US\",\"potentialAction\":[{\"@type\":\"ReadAction\",\"target\":[\"https:\/\/www.thecouponpromocode.com\/de\/\"]}]},{\"@type\":\"BreadcrumbList\",\"@id\":\"https:\/\/www.thecouponpromocode.com\/de\/#breadcrumb\",\"itemListElement\":[{\"@type\":\"ListItem\",\"position\":1,\"name\":\"Home\",\"item\":\"https:\/\/www.thecouponpromocode.com\/de\/\"},{\"@type\":\"ListItem\",\"position\":2,\"name\":\"Home\"}]},{\"@type\":\"WebSite\",\"@id\":\"https:\/\/www.thecouponpromocode.com\/de\/#website\",\"url\":\"https:\/\/www.thecouponpromocode.com\/de\/\",\"name\":\"The Coupon Promo Code DE\",\"description\":\"\",\"potentialAction\":[{\"@type\":\"SearchAction\",\"target\":{\"@type\":\"EntryPoint\",\"urlTemplate\":\"https:\/\/www.thecouponpromocode.com\/de\/?s={search_term_string}\"},\"query-input\":{\"@type\":\"PropertyValueSpecification\",\"valueRequired\":true,\"valueName\":\"search_term_string\"}}],\"inLanguage\":\"en-US\"}]}<\/script>\n<!-- \/ Yoast SEO plugin. -->","yoast_head_json":{"title":"Exclusive 2025 Discount Codes + Save Big with the Best Deals","description":"Discover the Latest 2025 Discount Codes and Deals for Your Favorite Stores. Save Money on Every Purchase with Verified and Updated Coupons.","robots":{"index":"index","follow":"follow","max-snippet":"max-snippet:-1","max-image-preview":"max-image-preview:large","max-video-preview":"max-video-preview:-1"},"canonical":"https:\/\/www.thecouponpromocode.com\/de\/","og_locale":"en_US","og_type":"article","og_title":"Exclusive 2025 Discount Codes + Save Big with the Best Deals","og_description":"Discover the Latest 2025 Discount Codes and Deals for Your Favorite Stores. Save Money on Every Purchase with Verified and Updated Coupons.","og_url":"https:\/\/www.thecouponpromocode.com\/de\/","og_site_name":"The Coupon Promo Code DE","twitter_card":"summary_large_image","twitter_misc":{"Est. reading time":"1 minute"},"schema":{"@context":"https:\/\/schema.org","@graph":[{"@type":"WebPage","@id":"https:\/\/www.thecouponpromocode.com\/de\/","url":"https:\/\/www.thecouponpromocode.com\/de\/","name":"Exclusive 2025 Discount Codes + Save Big with the Best Deals","isPartOf":{"@id":"https:\/\/www.thecouponpromocode.com\/de\/#website"},"datePublished":"2023-09-21T11:21:49+00:00","description":"Discover the Latest 2025 Discount Codes and Deals for Your Favorite Stores. Save Money on Every Purchase with Verified and Updated Coupons.","breadcrumb":{"@id":"https:\/\/www.thecouponpromocode.com\/de\/#breadcrumb"},"inLanguage":"en-US","potentialAction":[{"@type":"ReadAction","target":["https:\/\/www.thecouponpromocode.com\/de\/"]}]},{"@type":"BreadcrumbList","@id":"https:\/\/www.thecouponpromocode.com\/de\/#breadcrumb","itemListElement":[{"@type":"ListItem","position":1,"name":"Home","item":"https:\/\/www.thecouponpromocode.com\/de\/"},{"@type":"ListItem","position":2,"name":"Home"}]},{"@type":"WebSite","@id":"https:\/\/www.thecouponpromocode.com\/de\/#website","url":"https:\/\/www.thecouponpromocode.com\/de\/","name":"The Coupon Promo Code DE","description":"","potentialAction":[{"@type":"SearchAction","target":{"@type":"EntryPoint","urlTemplate":"https:\/\/www.thecouponpromocode.com\/de\/?s={search_term_string}"},"query-input":{"@type":"PropertyValueSpecification","valueRequired":true,"valueName":"search_term_string"}}],"inLanguage":"en-US"}]}},"_links":{"self":[{"href":"https:\/\/www.thecouponpromocode.com\/de\/wp-json\/wp\/v2\/pages\/115","targetHints":{"allow":["GET"]}}],"collection":[{"href":"https:\/\/www.thecouponpromocode.com\/de\/wp-json\/wp\/v2\/pages"}],"about":[{"href":"https:\/\/www.thecouponpromocode.com\/de\/wp-json\/wp\/v2\/types\/page"}],"author":[{"embeddable":true,"href":"https:\/\/www.thecouponpromocode.com\/de\/wp-json\/wp\/v2\/users\/1"}],"replies":[{"embeddable":true,"href":"https:\/\/www.thecouponpromocode.com\/de\/wp-json\/wp\/v2\/comments?post=115"}],"version-history":[{"count":0,"href":"https:\/\/www.thecouponpromocode.com\/de\/wp-json\/wp\/v2\/pages\/115\/revisions"}],"wp:attachment":[{"href":"https:\/\/www.thecouponpromocode.com\/de\/wp-json\/wp\/v2\/media?parent=115"}],"curies":[{"name":"wp","href":"https:\/\/api.w.org\/{rel}","templated":true}]}}